{"id":685,"date":"2024-01-17T18:36:52","date_gmt":"2024-01-17T18:36:52","guid":{"rendered":"http:\/\/localhost:81\/?page_id=685"},"modified":"2025-01-23T15:47:05","modified_gmt":"2025-01-23T15:47:05","slug":"inicio","status":"publish","type":"page","link":"https:\/\/www.kofanor.com.mx\/","title":{"rendered":"Inicio"},"content":{"rendered":"\t\t<div data-elementor-type=\"wp-page\" data-elementor-id=\"685\" class=\"elementor elementor-685\" data-elementor-post-type=\"page\">\n\t\t\t\t\t\t\t<div class=\"elementor-element elementor-element-21b3c7a6 e-con-full e-flex e-con e-parent\" data-id=\"21b3c7a6\" data-element_type=\"container\" data-settings=\"{&quot;content_width&quot;:&quot;full&quot;,&quot;background_background&quot;:&quot;video&quot;,&quot;background_video_link&quot;:&quot;https:\\\/\\\/www.youtube.com\\\/watch?v=R8LTxvA4hUk&amp;ab_channel=kofanordeM%C3%A9xico&quot;,&quot;background_video_start&quot;:3,&quot;background_video_end&quot;:30,&quot;background_play_on_mobile&quot;:&quot;yes&quot;}\" data-core-v316-plus=\"true\">\n\t\t<div class=\"elementor-background-video-container\">\n\t\t\t\t\t\t\t<div class=\"elementor-background-video-embed\"><\/div>\n\t\t\t\t\t\t<\/div>\t\t<\/div>\n\t\t<div class=\"elementor-element elementor-element-6c109efd e-flex e-con-boxed e-con e-parent\" data-id=\"6c109efd\" data-element_type=\"container\" data-settings=\"{&quot;content_width&quot;:&quot;boxed&quot;}\" data-core-v316-plus=\"true\">\n\t\t\t\t\t<div class=\"e-con-inner\">\n\t\t<div class=\"elementor-element elementor-element-574ec1f0 e-con-full e-flex e-con e-child\" data-id=\"574ec1f0\" data-element_type=\"container\" data-settings=\"{&quot;content_width&quot;:&quot;full&quot;}\">\n\t\t<div class=\"elementor-element elementor-element-4c254140 e-con-full e-flex e-con e-child\" data-id=\"4c254140\" data-element_type=\"container\" data-settings=\"{&quot;content_width&quot;:&quot;full&quot;}\">\n\t\t\t\t<div class=\"elementor-element elementor-element-4096b91d elementor-widget elementor-widget-image\" data-id=\"4096b91d\" data-element_type=\"widget\" data-widget_type=\"image.default\">\n\t\t\t\t<div class=\"elementor-widget-container\">\n\t\t\t<style>\/*! elementor - v3.18.0 - 20-12-2023 *\/\n.elementor-widget-image{text-align:center}.elementor-widget-image a{display:inline-block}.elementor-widget-image a img[src$=\".svg\"]{width:48px}.elementor-widget-image img{vertical-align:middle;display:inline-block}<\/style>\t\t\t\t\t\t\t\t\t\t\t\t<img fetchpriority=\"high\" decoding=\"async\" width=\"800\" height=\"534\" src=\"https:\/\/www.kofanor.com.mx\/wp-content\/uploads\/2024\/02\/IMG_5619-1024x683.jpg\" class=\"attachment-large size-large wp-image-916\" alt=\"\" srcset=\"https:\/\/www.kofanor.com.mx\/wp-content\/uploads\/2024\/02\/IMG_5619-1024x683.jpg 1024w, https:\/\/www.kofanor.com.mx\/wp-content\/uploads\/2024\/02\/IMG_5619-300x200.jpg 300w, https:\/\/www.kofanor.com.mx\/wp-content\/uploads\/2024\/02\/IMG_5619-768x512.jpg 768w, https:\/\/www.kofanor.com.mx\/wp-content\/uploads\/2024\/02\/IMG_5619-1536x1024.jpg 1536w, https:\/\/www.kofanor.com.mx\/wp-content\/uploads\/2024\/02\/IMG_5619-2048x1365.jpg 2048w\" sizes=\"(max-width: 800px) 100vw, 800px\" \/>\t\t\t\t\t\t\t\t\t\t\t\t\t\t\t<\/div>\n\t\t\t\t<\/div>\n\t\t\t\t<div class=\"elementor-element elementor-element-2c72cffb elementor-widget elementor-widget-image\" data-id=\"2c72cffb\" data-element_type=\"widget\" data-widget_type=\"image.default\">\n\t\t\t\t<div class=\"elementor-widget-container\">\n\t\t\t\t\t\t\t\t\t\t\t\t\t\t\t<img decoding=\"async\" width=\"800\" height=\"534\" src=\"https:\/\/www.kofanor.com.mx\/wp-content\/uploads\/2024\/02\/IMG_9100-1024x683.jpg\" class=\"attachment-large size-large wp-image-924\" alt=\"\" srcset=\"https:\/\/www.kofanor.com.mx\/wp-content\/uploads\/2024\/02\/IMG_9100-1024x683.jpg 1024w, https:\/\/www.kofanor.com.mx\/wp-content\/uploads\/2024\/02\/IMG_9100-300x200.jpg 300w, https:\/\/www.kofanor.com.mx\/wp-content\/uploads\/2024\/02\/IMG_9100-768x512.jpg 768w, https:\/\/www.kofanor.com.mx\/wp-content\/uploads\/2024\/02\/IMG_9100-1536x1024.jpg 1536w, https:\/\/www.kofanor.com.mx\/wp-content\/uploads\/2024\/02\/IMG_9100-2048x1365.jpg 2048w\" sizes=\"(max-width: 800px) 100vw, 800px\" \/>\t\t\t\t\t\t\t\t\t\t\t\t\t\t\t<\/div>\n\t\t\t\t<\/div>\n\t\t\t\t<\/div>\n\t\t<div class=\"elementor-element elementor-element-2ad1198 e-con-full e-flex e-con e-child\" data-id=\"2ad1198\" data-element_type=\"container\" data-settings=\"{&quot;content_width&quot;:&quot;full&quot;}\">\n\t\t\t\t<div class=\"elementor-element elementor-element-65c2c556 elementor-widget elementor-widget-image\" data-id=\"65c2c556\" data-element_type=\"widget\" data-widget_type=\"image.default\">\n\t\t\t\t<div class=\"elementor-widget-container\">\n\t\t\t\t\t\t\t\t\t\t\t\t\t\t\t<img decoding=\"async\" width=\"800\" height=\"534\" src=\"https:\/\/www.kofanor.com.mx\/wp-content\/uploads\/2024\/02\/MAU_6514-1024x684.jpg\" class=\"attachment-large size-large wp-image-966\" alt=\"\" srcset=\"https:\/\/www.kofanor.com.mx\/wp-content\/uploads\/2024\/02\/MAU_6514-1024x684.jpg 1024w, https:\/\/www.kofanor.com.mx\/wp-content\/uploads\/2024\/02\/MAU_6514-300x200.jpg 300w, https:\/\/www.kofanor.com.mx\/wp-content\/uploads\/2024\/02\/MAU_6514-768x513.jpg 768w, https:\/\/www.kofanor.com.mx\/wp-content\/uploads\/2024\/02\/MAU_6514.jpg 1200w\" sizes=\"(max-width: 800px) 100vw, 800px\" \/>\t\t\t\t\t\t\t\t\t\t\t\t\t\t\t<\/div>\n\t\t\t\t<\/div>\n\t\t\t\t<div class=\"elementor-element elementor-element-4f7e25c2 elementor-widget elementor-widget-image\" data-id=\"4f7e25c2\" data-element_type=\"widget\" data-widget_type=\"image.default\">\n\t\t\t\t<div class=\"elementor-widget-container\">\n\t\t\t\t\t\t\t\t\t\t\t\t\t\t\t<img loading=\"lazy\" decoding=\"async\" width=\"800\" height=\"534\" src=\"https:\/\/www.kofanor.com.mx\/wp-content\/uploads\/2024\/02\/MAU_6405-1024x684.jpg\" class=\"attachment-large size-large wp-image-953\" alt=\"\" srcset=\"https:\/\/www.kofanor.com.mx\/wp-content\/uploads\/2024\/02\/MAU_6405-1024x684.jpg 1024w, https:\/\/www.kofanor.com.mx\/wp-content\/uploads\/2024\/02\/MAU_6405-300x200.jpg 300w, https:\/\/www.kofanor.com.mx\/wp-content\/uploads\/2024\/02\/MAU_6405-768x513.jpg 768w, https:\/\/www.kofanor.com.mx\/wp-content\/uploads\/2024\/02\/MAU_6405.jpg 1200w\" sizes=\"(max-width: 800px) 100vw, 800px\" \/>\t\t\t\t\t\t\t\t\t\t\t\t\t\t\t<\/div>\n\t\t\t\t<\/div>\n\t\t\t\t<\/div>\n\t\t\t\t<\/div>\n\t\t<div class=\"elementor-element elementor-element-75aa70da e-con-full e-flex e-con e-child\" data-id=\"75aa70da\" data-element_type=\"container\" data-settings=\"{&quot;content_width&quot;:&quot;full&quot;}\">\n\t\t\t\t<div class=\"elementor-element elementor-element-3adfb21a elementor-widget elementor-widget-heading\" data-id=\"3adfb21a\" data-element_type=\"widget\" data-widget_type=\"heading.default\">\n\t\t\t\t<div class=\"elementor-widget-container\">\n\t\t\t<style>\/*! elementor - v3.18.0 - 20-12-2023 *\/\n.elementor-heading-title{padding:0;margin:0;line-height:1}.elementor-widget-heading .elementor-heading-title[class*=elementor-size-]>a{color:inherit;font-size:inherit;line-height:inherit}.elementor-widget-heading .elementor-heading-title.elementor-size-small{font-size:15px}.elementor-widget-heading .elementor-heading-title.elementor-size-medium{font-size:19px}.elementor-widget-heading .elementor-heading-title.elementor-size-large{font-size:29px}.elementor-widget-heading .elementor-heading-title.elementor-size-xl{font-size:39px}.elementor-widget-heading .elementor-heading-title.elementor-size-xxl{font-size:59px}<\/style><h3 class=\"elementor-heading-title elementor-size-default\">Con\u00f3cenos<\/h3>\t\t<\/div>\n\t\t\t\t<\/div>\n\t\t\t\t<div class=\"elementor-element elementor-element-2cb590f5 elementor-widget elementor-widget-text-editor\" data-id=\"2cb590f5\" data-element_type=\"widget\" data-widget_type=\"text-editor.default\">\n\t\t\t\t<div class=\"elementor-widget-container\">\n\t\t\t<style>\/*! elementor - v3.18.0 - 20-12-2023 *\/\n.elementor-widget-text-editor.elementor-drop-cap-view-stacked .elementor-drop-cap{background-color:#69727d;color:#fff}.elementor-widget-text-editor.elementor-drop-cap-view-framed .elementor-drop-cap{color:#69727d;border:3px solid;background-color:transparent}.elementor-widget-text-editor:not(.elementor-drop-cap-view-default) .elementor-drop-cap{margin-top:8px}.elementor-widget-text-editor:not(.elementor-drop-cap-view-default) .elementor-drop-cap-letter{width:1em;height:1em}.elementor-widget-text-editor .elementor-drop-cap{float:left;text-align:center;line-height:1;font-size:50px}.elementor-widget-text-editor .elementor-drop-cap-letter{display:inline-block}<\/style>\t\t\t\t<p>Kofanor transforma esta materia prima en harinas y aceites mediante un proceso t\u00e9rmico, dando como resultado un ingrediente prote\u00ednico para la fabricaci\u00f3n de alimento para animales, teniendo como socios comerciales a las marcas m\u00e1s reconocidas en el ramo de la nutricion animal, que por citar algunos, se encuentran ADM, Nutec,Cargill y Nestl\u00e9.<\/p>\t\t\t\t\t\t<\/div>\n\t\t\t\t<\/div>\n\t\t\t\t<div class=\"elementor-element elementor-element-25a997c2 elementor-mobile-align-center elementor-invisible elementor-widget elementor-widget-button\" data-id=\"25a997c2\" data-element_type=\"widget\" data-settings=\"{&quot;_animation&quot;:&quot;fadeInDown&quot;}\" data-widget_type=\"button.default\">\n\t\t\t\t<div class=\"elementor-widget-container\">\n\t\t\t\t\t<div class=\"elementor-button-wrapper\">\n\t\t\t<a class=\"elementor-button elementor-button-link elementor-size-sm\" href=\"https:\/\/www.kofanor.com.mx\/index.php\/nosotros\">\n\t\t\t\t\t\t<span class=\"elementor-button-content-wrapper\">\n\t\t\t\t\t\t<span class=\"elementor-button-text\">Quiero saber m\u00e1s..<\/span>\n\t\t<\/span>\n\t\t\t\t\t<\/a>\n\t\t<\/div>\n\t\t\t\t<\/div>\n\t\t\t\t<\/div>\n\t\t\t\t<\/div>\n\t\t\t\t\t<\/div>\n\t\t\t\t<\/div>\n\t\t<div class=\"elementor-element elementor-element-467a0bd3 e-flex e-con-boxed e-con e-parent\" data-id=\"467a0bd3\" data-element_type=\"container\" data-settings=\"{&quot;background_background&quot;:&quot;classic&quot;,&quot;content_width&quot;:&quot;boxed&quot;}\" data-core-v316-plus=\"true\">\n\t\t\t\t\t<div class=\"e-con-inner\">\n\t\t<div class=\"elementor-element elementor-element-b9cc014 e-flex e-con-boxed e-con e-child\" data-id=\"b9cc014\" data-element_type=\"container\" data-settings=\"{&quot;content_width&quot;:&quot;boxed&quot;}\">\n\t\t\t\t\t<div class=\"e-con-inner\">\n\t\t\t\t<div class=\"elementor-element elementor-element-7d27115 elementor-widget elementor-widget-heading\" data-id=\"7d27115\" data-element_type=\"widget\" data-widget_type=\"heading.default\">\n\t\t\t\t<div class=\"elementor-widget-container\">\n\t\t\t<h2 class=\"elementor-heading-title elementor-size-xl\">CERTIFICACIONES<\/h2>\t\t<\/div>\n\t\t\t\t<\/div>\n\t\t\t\t\t<\/div>\n\t\t\t\t<\/div>\n\t\t\t\t\t<\/div>\n\t\t\t\t<\/div>\n\t\t<div class=\"elementor-element elementor-element-3cb931d6 e-flex e-con-boxed e-con e-parent\" data-id=\"3cb931d6\" data-element_type=\"container\" data-settings=\"{&quot;content_width&quot;:&quot;boxed&quot;}\" data-core-v316-plus=\"true\">\n\t\t\t\t\t<div class=\"e-con-inner\">\n\t\t<div class=\"elementor-element elementor-element-584b1818 e-con-full e-flex e-con e-child\" data-id=\"584b1818\" data-element_type=\"container\" data-settings=\"{&quot;content_width&quot;:&quot;full&quot;}\">\n\t\t<div class=\"elementor-element elementor-element-2e7ab393 e-con-full e-flex e-con e-child\" data-id=\"2e7ab393\" data-element_type=\"container\" data-settings=\"{&quot;content_width&quot;:&quot;full&quot;}\">\n\t\t\t\t<div class=\"elementor-element elementor-element-2ff59ed8 elementor-position-top elementor-widget elementor-widget-image-box\" data-id=\"2ff59ed8\" data-element_type=\"widget\" data-widget_type=\"image-box.default\">\n\t\t\t\t<div class=\"elementor-widget-container\">\n\t\t\t<style>\/*! elementor - v3.18.0 - 20-12-2023 *\/\n.elementor-widget-image-box .elementor-image-box-content{width:100%}@media (min-width:768px){.elementor-widget-image-box.elementor-position-left .elementor-image-box-wrapper,.elementor-widget-image-box.elementor-position-right .elementor-image-box-wrapper{display:flex}.elementor-widget-image-box.elementor-position-right .elementor-image-box-wrapper{text-align:right;flex-direction:row-reverse}.elementor-widget-image-box.elementor-position-left .elementor-image-box-wrapper{text-align:left;flex-direction:row}.elementor-widget-image-box.elementor-position-top .elementor-image-box-img{margin:auto}.elementor-widget-image-box.elementor-vertical-align-top .elementor-image-box-wrapper{align-items:flex-start}.elementor-widget-image-box.elementor-vertical-align-middle .elementor-image-box-wrapper{align-items:center}.elementor-widget-image-box.elementor-vertical-align-bottom .elementor-image-box-wrapper{align-items:flex-end}}@media (max-width:767px){.elementor-widget-image-box .elementor-image-box-img{margin-left:auto!important;margin-right:auto!important;margin-bottom:15px}}.elementor-widget-image-box .elementor-image-box-img{display:inline-block}.elementor-widget-image-box .elementor-image-box-title a{color:inherit}.elementor-widget-image-box .elementor-image-box-wrapper{text-align:center}.elementor-widget-image-box .elementor-image-box-description{margin:0}<\/style><div class=\"elementor-image-box-wrapper\"><figure class=\"elementor-image-box-img\"><a href=\"#\" tabindex=\"-1\"><img loading=\"lazy\" decoding=\"async\" width=\"300\" height=\"119\" src=\"https:\/\/www.kofanor.com.mx\/wp-content\/uploads\/2024\/02\/CERTIFICACIONES_Mesa-de-trabajo-1-300x119.png\" class=\"elementor-animation-grow attachment-medium size-medium wp-image-1254\" alt=\"\" srcset=\"https:\/\/www.kofanor.com.mx\/wp-content\/uploads\/2024\/02\/CERTIFICACIONES_Mesa-de-trabajo-1-300x119.png 300w, https:\/\/www.kofanor.com.mx\/wp-content\/uploads\/2024\/02\/CERTIFICACIONES_Mesa-de-trabajo-1.png 722w\" sizes=\"(max-width: 300px) 100vw, 300px\" \/><\/a><\/figure><div class=\"elementor-image-box-content\"><h4 class=\"elementor-image-box-title\"><a href=\"#\">DISTINTIVO ESR<\/a><\/h4><p class=\"elementor-image-box-description\">El Distintivo ESR\u00ae acredita a la empresa ante\nempleados, inversionistas, clientes,\nautoridades y sociedad en general, por asumir\nvoluntariamente y p\u00fablicamente el\ncompromiso de una gesti\u00f3n socialmente\nresponsable como parte de su cultura y\nestrategia de negocio<\/p><\/div><\/div>\t\t<\/div>\n\t\t\t\t<\/div>\n\t\t\t\t<\/div>\n\t\t<div class=\"elementor-element elementor-element-1356d011 e-con-full e-flex e-con e-child\" data-id=\"1356d011\" data-element_type=\"container\" data-settings=\"{&quot;content_width&quot;:&quot;full&quot;}\">\n\t\t\t\t<div class=\"elementor-element elementor-element-250d92f2 elementor-position-top elementor-widget elementor-widget-image-box\" data-id=\"250d92f2\" data-element_type=\"widget\" data-widget_type=\"image-box.default\">\n\t\t\t\t<div class=\"elementor-widget-container\">\n\t\t\t<div class=\"elementor-image-box-wrapper\"><figure class=\"elementor-image-box-img\"><a href=\"#\" tabindex=\"-1\"><img loading=\"lazy\" decoding=\"async\" width=\"300\" height=\"119\" src=\"https:\/\/www.kofanor.com.mx\/wp-content\/uploads\/2024\/02\/CERTIFICACIONES-02-300x119.png\" class=\"elementor-animation-grow attachment-medium size-medium wp-image-1253\" alt=\"\" srcset=\"https:\/\/www.kofanor.com.mx\/wp-content\/uploads\/2024\/02\/CERTIFICACIONES-02-300x119.png 300w, https:\/\/www.kofanor.com.mx\/wp-content\/uploads\/2024\/02\/CERTIFICACIONES-02.png 722w\" sizes=\"(max-width: 300px) 100vw, 300px\" \/><\/a><\/figure><div class=\"elementor-image-box-content\"><h4 class=\"elementor-image-box-title\"><a href=\"#\">PLANTA CERTIFICADA EN B.P.M SAGARPA\/CLAVE:<br> BPM-PR-2021-078<\/a><\/h4><p class=\"elementor-image-box-description\">KOFANOR se encuentra certificada en Buenas\npr\u00e1cticas de manufactura (BPM) e inspecci\u00f3n\nde NOM\u00b4s Zoosanitarias<\/p><\/div><\/div>\t\t<\/div>\n\t\t\t\t<\/div>\n\t\t\t\t<\/div>\n\t\t<div class=\"elementor-element elementor-element-27fdcb71 e-con-full e-flex e-con e-child\" data-id=\"27fdcb71\" data-element_type=\"container\" data-settings=\"{&quot;content_width&quot;:&quot;full&quot;}\">\n\t\t\t\t<div class=\"elementor-element elementor-element-14f16b75 elementor-position-top elementor-widget elementor-widget-image-box\" data-id=\"14f16b75\" data-element_type=\"widget\" data-widget_type=\"image-box.default\">\n\t\t\t\t<div class=\"elementor-widget-container\">\n\t\t\t<div class=\"elementor-image-box-wrapper\"><figure class=\"elementor-image-box-img\"><a href=\"#\" tabindex=\"-1\"><img loading=\"lazy\" decoding=\"async\" width=\"300\" height=\"119\" src=\"https:\/\/www.kofanor.com.mx\/wp-content\/uploads\/2024\/02\/CERTIFICACIONES-03-300x119.png\" class=\"elementor-animation-grow attachment-medium size-medium wp-image-1252\" alt=\"\" srcset=\"https:\/\/www.kofanor.com.mx\/wp-content\/uploads\/2024\/02\/CERTIFICACIONES-03-300x119.png 300w, https:\/\/www.kofanor.com.mx\/wp-content\/uploads\/2024\/02\/CERTIFICACIONES-03.png 722w\" sizes=\"(max-width: 300px) 100vw, 300px\" \/><\/a><\/figure><div class=\"elementor-image-box-content\"><h4 class=\"elementor-image-box-title\"><a href=\"#\">SEDEX SMETA 4 Pillars Referencia del sitio ZC1040993<\/a><\/h4><p class=\"elementor-image-box-description\">Programa de responsabilidad social que\nasegura nuestra empresa y la cadena de\nsuministros cumpla con los est\u00e1ndares \u00e9ticos\nm\u00e1s altos.<\/p><\/div><\/div>\t\t<\/div>\n\t\t\t\t<\/div>\n\t\t\t\t<\/div>\n\t\t<div class=\"elementor-element elementor-element-175b61a1 e-con-full e-flex e-con e-child\" data-id=\"175b61a1\" data-element_type=\"container\" data-settings=\"{&quot;content_width&quot;:&quot;full&quot;}\">\n\t\t\t\t<div class=\"elementor-element elementor-element-74f8a720 elementor-position-top elementor-widget elementor-widget-image-box\" data-id=\"74f8a720\" data-element_type=\"widget\" data-widget_type=\"image-box.default\">\n\t\t\t\t<div class=\"elementor-widget-container\">\n\t\t\t<div class=\"elementor-image-box-wrapper\"><figure class=\"elementor-image-box-img\"><a href=\"#\" tabindex=\"-1\"><img loading=\"lazy\" decoding=\"async\" width=\"300\" height=\"119\" src=\"https:\/\/www.kofanor.com.mx\/wp-content\/uploads\/2024\/02\/CERTIFICACIONES-04-300x119.png\" class=\"elementor-animation-grow attachment-medium size-medium wp-image-1251\" alt=\"\" srcset=\"https:\/\/www.kofanor.com.mx\/wp-content\/uploads\/2024\/02\/CERTIFICACIONES-04-300x119.png 300w, https:\/\/www.kofanor.com.mx\/wp-content\/uploads\/2024\/02\/CERTIFICACIONES-04.png 722w\" sizes=\"(max-width: 300px) 100vw, 300px\" \/><\/a><\/figure><div class=\"elementor-image-box-content\"><h4 class=\"elementor-image-box-title\"><a href=\"#\">SAGARPA <br> (N\u00b0 PR \/ SON \/ 2 \/ 0070 \/ 2009)<\/a><\/h4><p class=\"elementor-image-box-description\">Autorizaci\u00f3n para elaboraci\u00f3n, importaci\u00f3n,\nexportaci\u00f3n, almacenamiento y comercializaci\u00f3n\nde harinas y grasa animal para fabricaci\u00f3n de\nalimentos de consumo animal.<\/p><\/div><\/div>\t\t<\/div>\n\t\t\t\t<\/div>\n\t\t\t\t<\/div>\n\t\t\t\t<\/div>\n\t\t\t\t\t<\/div>\n\t\t\t\t<\/div>\n\t\t<div class=\"elementor-element elementor-element-44359a4b e-flex e-con-boxed e-con e-parent\" data-id=\"44359a4b\" data-element_type=\"container\" data-settings=\"{&quot;content_width&quot;:&quot;boxed&quot;}\" data-core-v316-plus=\"true\">\n\t\t\t\t\t<div class=\"e-con-inner\">\n\t\t<div class=\"elementor-element elementor-element-72807181 e-con-full e-flex e-con e-child\" data-id=\"72807181\" data-element_type=\"container\" data-settings=\"{&quot;content_width&quot;:&quot;full&quot;}\">\n\t\t<div class=\"elementor-element elementor-element-9539b22 e-con-full e-flex e-con e-child\" data-id=\"9539b22\" data-element_type=\"container\" data-settings=\"{&quot;content_width&quot;:&quot;full&quot;}\">\n\t\t\t\t<div class=\"elementor-element elementor-element-69efed92 elementor-position-top elementor-widget elementor-widget-image-box\" data-id=\"69efed92\" data-element_type=\"widget\" data-widget_type=\"image-box.default\">\n\t\t\t\t<div class=\"elementor-widget-container\">\n\t\t\t<div class=\"elementor-image-box-wrapper\"><figure class=\"elementor-image-box-img\"><a href=\"#\" tabindex=\"-1\"><img loading=\"lazy\" decoding=\"async\" width=\"300\" height=\"119\" src=\"https:\/\/www.kofanor.com.mx\/wp-content\/uploads\/2024\/02\/CERTIFICACIONES-04-300x119.png\" class=\"elementor-animation-grow attachment-medium size-medium wp-image-1251\" alt=\"\" srcset=\"https:\/\/www.kofanor.com.mx\/wp-content\/uploads\/2024\/02\/CERTIFICACIONES-04-300x119.png 300w, https:\/\/www.kofanor.com.mx\/wp-content\/uploads\/2024\/02\/CERTIFICACIONES-04.png 722w\" sizes=\"(max-width: 300px) 100vw, 300px\" \/><\/a><\/figure><div class=\"elementor-image-box-content\"><h4 class=\"elementor-image-box-title\"><a href=\"#\">SAGARPA <br>(DGSA-DSAP-CSAEO-200\/2017)<\/a><\/h4><p class=\"elementor-image-box-description\">Certificaci\u00f3n de sanidad acu\u00edcola y autorizaci\u00f3n\nde funcionamiento para elaboraci\u00f3n,\nimportaci\u00f3n, exportaci\u00f3n, almacenamiento y\ncomercializaci\u00f3n de harinas y grasa animal para\nfabricaci\u00f3n de alimentos de consumo animal<\/p><\/div><\/div>\t\t<\/div>\n\t\t\t\t<\/div>\n\t\t\t\t<\/div>\n\t\t<div class=\"elementor-element elementor-element-51c83069 e-con-full e-flex e-con e-child\" data-id=\"51c83069\" data-element_type=\"container\" data-settings=\"{&quot;content_width&quot;:&quot;full&quot;}\">\n\t\t\t\t<div class=\"elementor-element elementor-element-7338facb elementor-position-top elementor-widget elementor-widget-image-box\" data-id=\"7338facb\" data-element_type=\"widget\" data-widget_type=\"image-box.default\">\n\t\t\t\t<div class=\"elementor-widget-container\">\n\t\t\t<div class=\"elementor-image-box-wrapper\"><figure class=\"elementor-image-box-img\"><a href=\"#\" tabindex=\"-1\"><img loading=\"lazy\" decoding=\"async\" width=\"300\" height=\"119\" src=\"https:\/\/www.kofanor.com.mx\/wp-content\/uploads\/2024\/02\/CERTIFICACIONES-05-300x119.png\" class=\"elementor-animation-grow attachment-medium size-medium wp-image-1250\" alt=\"\" srcset=\"https:\/\/www.kofanor.com.mx\/wp-content\/uploads\/2024\/02\/CERTIFICACIONES-05-300x119.png 300w, https:\/\/www.kofanor.com.mx\/wp-content\/uploads\/2024\/02\/CERTIFICACIONES-05.png 722w\" sizes=\"(max-width: 300px) 100vw, 300px\" \/><\/a><\/figure><div class=\"elementor-image-box-content\"><h2 class=\"elementor-image-box-title\"><a href=\"#\">LICENCIA AMBIENTAL INTEGRAL<\/a><\/h2><p class=\"elementor-image-box-description\">\u00danica empresa en su giro de todo el Estado de\nSonora, en contar con la LAI para la\nrecolecci\u00f3n, transporte, acopio y\nprocesamiento de residuos c\u00e1rnicos.<\/p><\/div><\/div>\t\t<\/div>\n\t\t\t\t<\/div>\n\t\t\t\t<\/div>\n\t\t<div class=\"elementor-element elementor-element-2a034f2a e-con-full e-flex e-con e-child\" data-id=\"2a034f2a\" data-element_type=\"container\" data-settings=\"{&quot;content_width&quot;:&quot;full&quot;}\">\n\t\t\t\t<div class=\"elementor-element elementor-element-4420368e elementor-position-top elementor-widget elementor-widget-image-box\" data-id=\"4420368e\" data-element_type=\"widget\" data-widget_type=\"image-box.default\">\n\t\t\t\t<div class=\"elementor-widget-container\">\n\t\t\t<div class=\"elementor-image-box-wrapper\"><figure class=\"elementor-image-box-img\"><a href=\"#\" tabindex=\"-1\"><img loading=\"lazy\" decoding=\"async\" width=\"300\" height=\"119\" src=\"https:\/\/www.kofanor.com.mx\/wp-content\/uploads\/2024\/02\/CERTIFICACIONES-06-300x119.png\" class=\"elementor-animation-grow attachment-medium size-medium wp-image-1249\" alt=\"\" srcset=\"https:\/\/www.kofanor.com.mx\/wp-content\/uploads\/2024\/02\/CERTIFICACIONES-06-300x119.png 300w, https:\/\/www.kofanor.com.mx\/wp-content\/uploads\/2024\/02\/CERTIFICACIONES-06.png 722w\" sizes=\"(max-width: 300px) 100vw, 300px\" \/><\/a><\/figure><div class=\"elementor-image-box-content\"><h4 class=\"elementor-image-box-title\"><a href=\"#\">PROAES-CSA-010\/20<\/a><\/h4><p class=\"elementor-image-box-description\">Certificaci\u00f3n Sonora Ambiental acreditado\npor la Procuradur\u00eda Ambiental del Estado de\nSonora. Programa de autogesti\u00f3n que\npromueve la resposabilidad ambiental\nempresarial<\/p><\/div><\/div>\t\t<\/div>\n\t\t\t\t<\/div>\n\t\t\t\t<\/div>\n\t\t\t\t<\/div>\n\t\t\t\t\t<\/div>\n\t\t\t\t<\/div>\n\t\t\t\t\t\t\t<\/div>\n\t\t","protected":false},"excerpt":{"rendered":"<p>Con\u00f3cenos Kofanor transforma esta materia prima en harinas y aceites mediante un proceso t\u00e9rmico, dando como resultado un ingrediente prote\u00ednico para la fabricaci\u00f3n de alimento para animales, teniendo como socios comerciales a las marcas m\u00e1s reconocidas en el ramo de la nutricion animal, que por citar algunos, se encuentran ADM, Nutec,Cargill y Nestl\u00e9. Quiero saber [&hellip;]<\/p>\n","protected":false},"author":1,"featured_media":0,"parent":0,"menu_order":0,"comment_status":"closed","ping_status":"closed","template":"","meta":{"footnotes":""},"class_list":["post-685","page","type-page","status-publish","hentry"],"_links":{"self":[{"href":"https:\/\/www.kofanor.com.mx\/index.php\/wp-json\/wp\/v2\/pages\/685","targetHints":{"allow":["GET"]}}],"collection":[{"href":"https:\/\/www.kofanor.com.mx\/index.php\/wp-json\/wp\/v2\/pages"}],"about":[{"href":"https:\/\/www.kofanor.com.mx\/index.php\/wp-json\/wp\/v2\/types\/page"}],"author":[{"embeddable":true,"href":"https:\/\/www.kofanor.com.mx\/index.php\/wp-json\/wp\/v2\/users\/1"}],"replies":[{"embeddable":true,"href":"https:\/\/www.kofanor.com.mx\/index.php\/wp-json\/wp\/v2\/comments?post=685"}],"version-history":[{"count":33,"href":"https:\/\/www.kofanor.com.mx\/index.php\/wp-json\/wp\/v2\/pages\/685\/revisions"}],"predecessor-version":[{"id":2012,"href":"https:\/\/www.kofanor.com.mx\/index.php\/wp-json\/wp\/v2\/pages\/685\/revisions\/2012"}],"wp:attachment":[{"href":"https:\/\/www.kofanor.com.mx\/index.php\/wp-json\/wp\/v2\/media?parent=685"}],"curies":[{"name":"wp","href":"https:\/\/api.w.org\/{rel}","templated":true}]}}